{"id":2145,"date":"2024-04-18T15:03:26","date_gmt":"2024-04-18T19:03:26","guid":{"rendered":"https:\/\/camping-domaine-du-reve.projet1047.ca\/?page_id=2145"},"modified":"2024-06-03T17:05:01","modified_gmt":"2024-06-03T21:05:01","slug":"mentions-legales","status":"publish","type":"page","link":"https:\/\/domainedureve.com\/en-ca\/mentions-legales\/","title":{"rendered":"Legal Notice"},"content":{"rendered":"<div data-elementor-type=\"wp-page\" data-elementor-id=\"2145\" class=\"elementor elementor-2145\" data-elementor-post-type=\"page\">\n\t\t\t\t<div class=\"elementor-element elementor-element-69bcca51 e-flex e-con-boxed e-con e-parent\" data-id=\"69bcca51\" data-element_type=\"container\">\n\t\t\t\t\t<div class=\"e-con-inner\">\n\t\t<div class=\"elementor-element elementor-element-12784cb5 e-con-full e-flex e-con e-child\" data-id=\"12784cb5\" data-element_type=\"container\">\n\t\t\t\t<div class=\"elementor-element elementor-element-2723f99 elementor-widget elementor-widget-text-editor\" data-id=\"2723f99\" data-element_type=\"widget\" data-widget_type=\"text-editor.default\">\n\t\t\t\t<div class=\"elementor-widget-container\">\n\t\t\t\t\t\t\t\t\t<h2>Terms of use<\/h2>\n<p>Please read the following conditions of use carefully.<\/p>\n<h3>1. Property and terms of use<\/h3>\n<p>The following terms and conditions regulate all use of this website, made available by the Camping Domaine du\u00a0R\u00eave Inc. Camping Domaine du\u00a0R\u00eave Inc. invites users to read all provisions before using the website. If a user disagrees with any of the following provisions, we ask them to please leave the website immediately.<\/p>\n<p>Note that Camping Domaine du\u00a0R\u00eave Inc. reserves the right to modify any or all of these terms of use at any time, without prior notification and at its discretion, the modifications of such which shall take effect at the moment of publication on this website. For this reason, Camping Domaine du\u00a0R\u00eave invites users to review these terms and conditions occasionally and to save a copy for personal records.<\/p>\n<p>By using this website, users hereby consent to respect all terms and conditions found therein. Users also consent not to use the website for illegal purposes nor to disrupt the proper working of the site. Camping Domaine du\u00a0R\u00eave reserves the right to restrict or limit access to the site of any user who, at its discretion, is deemed to be non\u2011compliant with the terms and conditions set forth. Camping Domaine du R\u00eave Inc.'s failure to perform or insist upon the performance of any provision herein shall not be construed as a waiver of rights under this agreement.<\/p>\n<h3>2. Limited liability<\/h3>\n<p>Camping Domaine du\u00a0R\u00eave Inc. shall not be held liable for any damage, loss or injury, direct or indirect, caused by using this website or the present terms and conditions. Furthermore, Camping Domaine du\u00a0R\u00eave Inc. does not guarantee, in any manner, the exactitude of the information found on this website nor the normal and uninterrupted operation of the website. On this site, users are entirely responsible for all risks and damage, loss or injury that may result, directly or indirectly, from site use. Users must take all reasonable precautions to protect their computer from viruses and keep a copy of backup files prior to downloading information from this website.<\/p>\n<h3>3. Links to other sites<\/h3>\n<p>This website may contain links to other sites with third\u2011party owners. Please note that Camping Domaine du\u00a0R\u00eave Inc. has no control over the content on these sites. Thus, we are in no way responsible for the information found on such websites and do not offer any guarantee or representation thereof.<\/p>\n<h3>4. Sale of products by Camping Domaine du\u00a0R\u00eave<\/h3>\n<p>Camping Domaine du\u00a0R\u00eave Inc. reserves the right to cease production of items offered on the website or to change their specifications without prior notice and without incurring any liability.<\/p>\n<h3>5. Compensation<\/h3>\n<p>Users hereby accept to compensate and release Camping Domaine du\u00a0R\u00eave Inc. and its administrators, directors, and employees from any and all claims, proceedings, liabilities, damages, penalties or expenses of any nature whatsoever directly or indirectly related to the use of this website arising from a breach of the terms and conditions or resulting from any act or negligence, including, but not limited to, infringement of any person\u2019s intellectual property rights.\u00a0&nbsp;<\/p>\n<p>If any such recourse, claim or proceeding is brought against Camping Domaine du\u00a0R\u00eave Inc. or liability is raised in connection with damages, penalties or expenses of any nature whatsoever, Camping Domaine du\u00a0R\u00eave Inc. may, with reasonable notice, require that a user fully cooperate, at their own expense, with its defence and in contesting any such recourse, claim or proceeding.<\/p>\n<h3>6. Governing authority<\/h3>\n<p>These present Terms of use, as well as the Camping Domaine du\u00a0R\u00eave Inc. Confidentiality Policy, is governed by and interpreted in accordance to the laws of the Province of Quebec and the laws of Canada applicable therein.<\/p>\n<h3>7. Use of masculine gender (applicable to French version only)<\/h3>\n<p>The use of the masculine gender in this website refers to both males and females without discrimination and is used solely for the purpose of simplifying the text.<\/p>\n<h2>Privacy policy<\/h2>\n<p>Camping Domaine du\u00a0R\u00eave Inc. understands the importance of protecting the personal information of its clients and commits to respect the rights of users in the protection of personal information. The following policy seeks to explain everything.<\/p>\n<h3>1. Policy application<\/h3>\n<p>Camping Domaine du\u00a0R\u00eave Inc. reserves the right to change its policy at any time and without prior notice. Users must always consult the applicable policy for this website. The date of the latest update is noted at the bottom of this page.<\/p>\n<h3>2. User consent<\/h3>\n<p>By accessing our website or providing certain personal information voluntarily and agreeing to be bound by this privacy policy, users signify consent to the collection, use and disclosure of personal information as set forth in this policy.<\/p>\n<h3>3. Collection and treatment of information gathered by Camping Domaine du\u00a0R\u00eave<\/h3>\n<h4>a) Collection<\/h4>\n<p>No personal information is collected from accessing or browsing the Camping Domaine du\u00a0R\u00eave Inc. website. Note that when accessing the Camping Domaine du\u00a0R\u00eave Inc. site, certain information is automatically collected by our computer network. This information does not allow users to be identified but includes information relating to the domain name as well as the IP address from which users access this site. This information may be used for statistical purposes. Camping Domaine du\u00a0R\u00eave Inc. only collects personal information when provided by users on a voluntary basis.<\/p>\n<h3>4. Purposes for which Camping Domaine du\u00a0R\u00eave may use information received voluntarily<\/h3>\n<h4>a) Camping Domaine du R\u00eave surveys, contests or promotions<\/h4>\n<p>In the context of a survey, contest and\/or promotion, Camping Domaine du\u00a0R\u00eave Inc. may use, subject to any refusal expressed by you, personal information as provided to it on a voluntary basis, by sending message(s) or as a result of participation in a survey, contest or promotion. The information collected for this purpose will be used primarily to contact you if you win. Contests and\/or promotions offered by Camping Domaine du\u00a0R\u00eave Inc. may be subject to other rules that will be described in connection with the launch of any contest or promotion.<\/p>\n<h3>5. Communication<\/h3>\n<p>Camping Domaine du\u00a0R\u00eave Inc. will not use personal information collected in accordance with this policy, except with prior user consent or in certain circumstances where Camping Domaine du\u00a0R\u00eave Inc. believes in good faith that the law permits or requires such use.<\/p>\n<h3>6. Minors<\/h3>\n<p>Camping Domaine du\u00a0R\u00eave Inc. will not gather or use any personal information concerning any Minor without the consent of a parent or guardian.<\/p>\n<h3>7. Utilisation de t\u00e9moins (\u00ab cookies&nbsp;\u00bb)<\/h3>\n<p>Cookies are small text files transferred from the web server to the user\u2019s computer hard drive. They cannot harm files or read information on a hard drive. Camping Domaine du R\u00eave Inc. Uses cookies when users visit the website to gather information such as browsing preferences and use of various website components. The use of cookies is not associated with any identifiable personal information while a user browses our site. You may disable cookies at any time by modifying your browser settings; however, doing so may prevent you from accessing portions of this website.<\/p>\n<h3>8. Links to other sites<\/h3>\n<p>This website may contain links allowing users to visit other websites. Camping Domaine du\u00a0R\u00eave Inc. is not responsible for the privacy practices or the content of such sites.<\/p>\n<h3>9. Contact<\/h3>\n<p>For any questions concerning this Privacy Policy, please contact:<\/p>\n<p>Camping Domaine du R\u00eave Inc.<br>Telephone: 450\u2011469\u20112524 <br>Address: 75 rue du Camping, Sainte\u2011Ang\u00e8le\u2011de\u2011Monnoir, Quebec  J0L\u00a01P0<\/p>\n<p>Last updated: February 29, 2024.<\/p>\n<p>\u00a9 2024 <strong>Camping Domaine du R\u00eave Inc.<\/strong> \u2014 All Rights Reserved<\/p>\t\t\t\t\t\t\t\t<\/div>\n\t\t\t\t<\/div>\n\t\t\t\t<\/div>\n\t\t\t\t\t<\/div>\n\t\t\t\t<\/div>\n\t\t\t\t<\/div>","protected":false},"excerpt":{"rendered":"<p>Conditions d&rsquo;utilisation Nous vous prions de lire attentivement les conditions d\u2019utilisation d\u00e9crites ci\u2011dessous. 1. Propri\u00e9t\u00e9 et modalit\u00e9s d\u2019utilisation Les pr\u00e9sents termes et modalit\u00e9s r\u00e9gissent votre utilisation du site Internet, mis \u00e0 votre disposition par le Camping Domaine du R\u00eave inc. Le Camping Domaine du R\u00eave inc. vous invite \u00e0 lire les dispositions des pr\u00e9sentes avant [&hellip;]<\/p>","protected":false},"author":5,"featured_media":1280,"parent":0,"menu_order":0,"comment_status":"closed","ping_status":"closed","template":"","meta":{"_acf_changed":false,"footnotes":""},"class_list":["post-2145","page","type-page","status-publish","has-post-thumbnail","hentry"],"acf":[],"aioseo_notices":[],"_links":{"self":[{"href":"https:\/\/domainedureve.com\/en-ca\/wp-json\/wp\/v2\/pages\/2145","targetHints":{"allow":["GET"]}}],"collection":[{"href":"https:\/\/domainedureve.com\/en-ca\/wp-json\/wp\/v2\/pages"}],"about":[{"href":"https:\/\/domainedureve.com\/en-ca\/wp-json\/wp\/v2\/types\/page"}],"author":[{"embeddable":true,"href":"https:\/\/domainedureve.com\/en-ca\/wp-json\/wp\/v2\/users\/5"}],"replies":[{"embeddable":true,"href":"https:\/\/domainedureve.com\/en-ca\/wp-json\/wp\/v2\/comments?post=2145"}],"version-history":[{"count":7,"href":"https:\/\/domainedureve.com\/en-ca\/wp-json\/wp\/v2\/pages\/2145\/revisions"}],"predecessor-version":[{"id":2759,"href":"https:\/\/domainedureve.com\/en-ca\/wp-json\/wp\/v2\/pages\/2145\/revisions\/2759"}],"wp:featuredmedia":[{"embeddable":true,"href":"https:\/\/domainedureve.com\/en-ca\/wp-json\/wp\/v2\/media\/1280"}],"wp:attachment":[{"href":"https:\/\/domainedureve.com\/en-ca\/wp-json\/wp\/v2\/media?parent=2145"}],"curies":[{"name":"wp","href":"https:\/\/api.w.org\/{rel}","templated":true}]}}