{"id":458,"date":"2022-03-22T09:40:41","date_gmt":"2022-03-22T09:40:41","guid":{"rendered":"http:\/\/fastwpdemo.com\/newwp\/amping\/?page_id=458"},"modified":"2025-11-13T12:50:17","modified_gmt":"2025-11-13T17:50:17","slug":"booking","status":"publish","type":"page","link":"https:\/\/domainedureve.com\/en-ca\/booking\/","title":{"rendered":"Book now"},"content":{"rendered":"<div data-elementor-type=\"wp-page\" data-elementor-id=\"458\" class=\"elementor elementor-458\" data-elementor-post-type=\"page\">\n\t\t\t\t<div class=\"elementor-element elementor-element-ee80936 e-flex e-con-boxed e-con e-parent\" data-id=\"ee80936\" data-element_type=\"container\" data-settings=\"{&quot;background_background&quot;:&quot;classic&quot;}\">\n\t\t\t\t\t<div class=\"e-con-inner\">\n\t\t\t\t<div class=\"elementor-element elementor-element-7e99a38 elementor-widget elementor-widget-heading\" data-id=\"7e99a38\" data-element_type=\"widget\" data-widget_type=\"heading.default\">\n\t\t\t\t<div class=\"elementor-widget-container\">\n\t\t\t\t\t<h2 class=\"elementor-heading-title elementor-size-default\">Plan an unforgettable stay<\/h2>\t\t\t\t<\/div>\n\t\t\t\t<\/div>\n\t\t\t\t<div class=\"elementor-element elementor-element-57e9c01 elementor-widget elementor-widget-text-editor\" data-id=\"57e9c01\" data-element_type=\"widget\" data-widget_type=\"text-editor.default\">\n\t\t\t\t<div class=\"elementor-widget-container\">\n\t\t\t\t\t\t\t\t\tWe are delighted that your summer vacation destination in Quebec is our campground! We invite you to make a reservation today and to review the various campsites that are available to meet your needs.\t\t\t\t\t\t\t\t<\/div>\n\t\t\t\t<\/div>\n\t\t\t\t<div class=\"elementor-element elementor-element-89f5d9c elementor-widget elementor-widget-heading\" data-id=\"89f5d9c\" data-element_type=\"widget\" data-widget_type=\"heading.default\">\n\t\t\t\t<div class=\"elementor-widget-container\">\n\t\t\t\t\t<h2 class=\"elementor-heading-title elementor-size-default\">Reservation Policy and Terms<\/h2>\t\t\t\t<\/div>\n\t\t\t\t<\/div>\n\t\t\t\t<div class=\"elementor-element elementor-element-a0fed86 text_white elementor-widget elementor-widget-text-editor\" data-id=\"a0fed86\" data-element_type=\"widget\" data-widget_type=\"text-editor.default\">\n\t\t\t\t<div class=\"elementor-widget-container\">\n\t\t\t\t\t\t\t\t\t<h3>Special cases when booking<\/h3><p><span style=\"text-decoration: underline;\">Avant de confirmer votre r\u00e9servation, veuillez valider que votre s\u00e9lection correspond aux nombre de services voulus (3 services ou 2 services, puisque le syst\u00e8me vous proposera des options alternatives (correspond partiellement \u00e0 vos attentes) dans le sans service).\u00a0<\/span><\/p><p><strong>For the following situations, please call us at 450\u2011469\u20112524 for additional information:<\/strong><\/p><ul><li>Campsites with services are fully booked.<\/li><li>Les terrains avec 3 services sont complets.Vous pouvez jeter un \u0153il sur nos emplacements avec 2 services (avec option vidanges au co\u00fbt de 10$).<\/li><li>Group reservations for a campsite must be made in the name of each person.<\/li><li>Reservations for one night only.<\/li><\/ul><h3>R\u00e9servations<\/h3><ul><li>Une r\u00e9servation doit \u00eatre de 2 nuits minimum (pour une nuit, appelez-nous), et de 3 nuits lors d\u2019un jour f\u00e9ri\u00e9 (Journ\u00e9e nationale des patriotes &amp; f\u00eate du Travail, Saint\u2011Jean\u2011Baptiste, f\u00eate du Canada)<\/li><li>*Pour le sans-service (terrain jaune avec num\u00e9ro, un minimum de 2 nuits en tout temps)<\/li><\/ul><h3>Accepted payment methods<\/h3><ul><li>Visa, Mastercard, d\u00e9bit et argent comptant.<\/li><\/ul><h3>Cancellation policy<\/h3><p><strong>2026 &#8211; Nouvelle politique de r\u00e9servation &amp; annulation<\/strong><\/p><p>Une r\u00e9servation doit \u00eatre faite pour 2 nuits minimums et les longs week-ends de f\u00e9ri\u00e9s un nombre minimal de 3 nuits est requis. Une famille de 2 adultes et leurs enfants (de moins de 18 ans) est admise sur chaque terrain. Lorsqu\u2019un client effectue une r\u00e9servation, il accepte et consent \u00e0 la politique d\u2019annulation et de r\u00e9servation suivante:<\/p><p><strong><span style=\"text-decoration: underline;\">Un d\u00e9p\u00f4t de 100$<\/span><\/strong> est requis pour chaque terrain r\u00e9serv\u00e9.<\/p><p><span style=\"text-decoration: underline;\">Le solde du s\u00e9jour est payable 4 jours avant votre date d\u2019arriv\u00e9e<\/span>. Vous ne serez pas contact\u00e9, le montant sera automatiquement pris sur la carte de cr\u00e9dit donn\u00e9e \u00e0 la r\u00e9servation.<\/p><p>On vous demande de nous appeler si vous changez de carte de cr\u00e9dit puisque si vous ne r\u00e9glez pas le solde conform\u00e9ment \u00e0 la politique de r\u00e9servation (4 jours \u00e0 l\u2019avance), la r\u00e9servation sera annul\u00e9e et votre d\u00e9p\u00f4t ne sera pas remboursable.<\/p><p><strong><span style=\"text-decoration: underline;\">Une r\u00e9servation doit \u00eatre annul\u00e9e 4 jours avant l\u2019arriv\u00e9e pour obtenir un remboursement de 50% du d\u00e9p\u00f4t. \u00c0 l\u2019annulation, 50% est retenu en frais administratif non remboursable<\/span><\/strong> (txs incluses). Apr\u00e8s ce d\u00e9lai, aucun remboursement ne sera fait, peu importe le motif.<\/p><p>Les frais de r\u00e9servation en ligne (4.35$ + taxes) ne sont en aucun cas remboursables.<\/p><p>Exemple: Un d\u00e9p\u00f4t de 100$ a \u00e9t\u00e9 pay\u00e9 pour une r\u00e9servation d\u00e9butant le vendredi 12 juin 2026. L\u2019annulation doit \u00eatre faite avant le lundi 8 juin afin d\u2019obtenir un remboursement de 50$ (50% du d\u00e9p\u00f4t). La balance de 50$ sera gard\u00e9e en frais administratif (50$ du d\u00e9p\u00f4t). Si la r\u00e9servation a \u00e9t\u00e9 faite en ligne, les frais de r\u00e9servation ne sont pas remboursables.<\/p><p>Il n\u2019y a aucun remboursement lorsque le montant total est pay\u00e9 4 jours avant le s\u00e9jour et en cas de non pr\u00e9sentation. Une r\u00e9servation sera annul\u00e9e sans remboursement d\u00e8s 10h le lendemain de l\u2019arriv\u00e9e si le campeur n\u2019est pas pr\u00e9sent. Lorsqu&rsquo;un client quitte son terrain avant la fin de de son s\u00e9jour, le camping peut relouer celui-ci en tout temps.<\/p><p>Aucun frais n\u2019est appliqu\u00e9 pour changer la r\u00e9servation quand c\u2019est fait \u00e0 plus de 4 jours avant votre date d\u2019arriv\u00e9e.<\/p><p>Lorsqu&rsquo;un client r\u00e9serve, il accepte aussi les r\u00e8glements en vigueur comme par exemple (Vitesse maximale de 15 km\/h avec tous v\u00e9hicules motoris\u00e9s, Chien interdit, Cannabis interdit, bbq charbon interdit, Ne pas d\u00e9ranger avec du bruit excessif le voisinage, aucunes bicyclettes, trottinettes, patins \u00e0 roulettes etc. \u00e0 la noirceur, etc.)<\/p><p>Les modules de jeux et parcs sont ouverts en tout temps et le client est responsable de valider les dates et heures d\u2019ouvertures des plans d\u2019eau.<\/p><p>Pour effectuer une annulation\/modification, veuillez nous contacter par t\u00e9l\u00e9phone aux heures d\u2019ouvertures et il nous fera un plaisir de donner suite \u00e0 votre demande, selon les politiques applicables.<\/p><p>Les prix sont sujets \u00e0 changement sans pr\u00e9avis. En fournissant les coordonn\u00e9es de sa carte de cr\u00e9dit, le client accepte les conditions d\u2019annulation mentionn\u00e9es ci-dessous.<\/p><p>J&rsquo;ai lu et j&rsquo;accepte les termes et conditions de la politique de r\u00e9servation et annulation en cliquant \u00ab\u00a0Faire une r\u00e9servation\u00a0\u00bb.\u00a0<\/p>\t\t\t\t\t\t\t\t<\/div>\n\t\t\t\t<\/div>\n\t\t\t\t<div class=\"elementor-element elementor-element-ad32cb3 elementor-widget elementor-widget-button\" data-id=\"ad32cb3\" data-element_type=\"widget\" data-widget_type=\"button.default\">\n\t\t\t\t<div class=\"elementor-widget-container\">\n\t\t\t\t\t\t\t\t\t<div class=\"elementor-button-wrapper\">\n\t\t\t\t\t<a class=\"elementor-button elementor-button-link elementor-size-sm\" href=\"https:\/\/reservationpleinair.ca\/dureve\/en\/choix-unite\/CP\/liste\" target=\"_blank\">\n\t\t\t\t\t\t<span class=\"elementor-button-content-wrapper\">\n\t\t\t\t\t\t\t\t\t<span class=\"elementor-button-text\">Make a reservation<\/span>\n\t\t\t\t\t<\/span>\n\t\t\t\t\t<\/a>\n\t\t\t\t<\/div>\n\t\t\t\t\t\t\t\t<\/div>\n\t\t\t\t<\/div>\n\t\t\t\t\t<\/div>\n\t\t\t\t<\/div>\n\t\t<div class=\"elementor-element elementor-element-0b79ca2 elementor-hidden-desktop elementor-hidden-tablet elementor-hidden-mobile e-flex e-con-boxed e-con e-parent\" data-id=\"0b79ca2\" data-element_type=\"container\">\n\t\t\t\t\t<div class=\"e-con-inner\">\n\t\t<div class=\"elementor-element elementor-element-9aa4de6 e-flex e-con-boxed e-con e-child\" data-id=\"9aa4de6\" data-element_type=\"container\">\n\t\t\t\t\t<div class=\"e-con-inner\">\n\t\t<div class=\"elementor-element elementor-element-aa76d67 e-flex e-con-boxed e-con e-child\" data-id=\"aa76d67\" data-element_type=\"container\">\n\t\t\t\t\t<div class=\"e-con-inner\">\n\t\t\t\t<div class=\"elementor-element elementor-element-0305ffa elementor-widget elementor-widget-heading\" data-id=\"0305ffa\" data-element_type=\"widget\" data-widget_type=\"heading.default\">\n\t\t\t\t<div class=\"elementor-widget-container\">\n\t\t\t\t\t<h2 class=\"elementor-heading-title elementor-size-default\">Reservation Policy and Terms<\/h2>\t\t\t\t<\/div>\n\t\t\t\t<\/div>\n\t\t\t\t\t<\/div>\n\t\t\t\t<\/div>\n\t\t\t\t<div class=\"elementor-element elementor-element-e2e113b elementor-widget elementor-widget-toggle\" data-id=\"e2e113b\" data-element_type=\"widget\" data-widget_type=\"toggle.default\">\n\t\t\t\t<div class=\"elementor-widget-container\">\n\t\t\t\t\t\t\t<div class=\"elementor-toggle\">\n\t\t\t\t\t\t\t<div class=\"elementor-toggle-item\">\n\t\t\t\t\t<div id=\"elementor-tab-title-2371\" class=\"elementor-tab-title\" data-tab=\"1\" role=\"button\" aria-controls=\"elementor-tab-content-2371\" aria-expanded=\"false\">\n\t\t\t\t\t\t\t\t\t\t\t\t<span class=\"elementor-toggle-icon elementor-toggle-icon-left\" aria-hidden=\"true\">\n\t\t\t\t\t\t\t\t\t\t\t\t\t\t\t<span class=\"elementor-toggle-icon-closed\"><svg class=\"e-font-icon-svg e-fas-caret-right\" viewbox=\"0 0 192 512\" xmlns=\"http:\/\/www.w3.org\/2000\/svg\"><path d=\"M0 384.662V127.338c0-17.818 21.543-26.741 34.142-14.142l128.662 128.662c7.81 7.81 7.81 20.474 0 28.284L34.142 398.804C21.543 411.404 0 402.48 0 384.662z\"><\/path><\/svg><\/span>\n\t\t\t\t\t\t\t\t<span class=\"elementor-toggle-icon-opened\"><svg class=\"elementor-toggle-icon-opened e-font-icon-svg e-fas-caret-up\" viewbox=\"0 0 320 512\" xmlns=\"http:\/\/www.w3.org\/2000\/svg\"><path d=\"M288.662 352H31.338c-17.818 0-26.741-21.543-14.142-34.142l128.662-128.662c7.81-7.81 20.474-7.81 28.284 0l128.662 128.662c12.6 12.599 3.676 34.142-14.142 34.142z\"><\/path><\/svg><\/span>\n\t\t\t\t\t\t\t\t\t\t\t\t\t<\/span>\n\t\t\t\t\t\t\t\t\t\t\t\t<a class=\"elementor-toggle-title\" tabindex=\"0\">Special cases when booking<\/a>\n\t\t\t\t\t<\/div>\n\n\t\t\t\t\t<div id=\"elementor-tab-content-2371\" class=\"elementor-tab-content elementor-clearfix\" data-tab=\"1\" role=\"region\" aria-labelledby=\"elementor-tab-title-2371\"><p>For the following situations, please call us at 450\u2011469\u20112524 for additional information:<\/p><ul><li>Campsites with services are fully booked.<\/li><li>Campsites with 3 services are fully booked. You may take a look at our sites with 2 services (with optional waste disposal).<\/li><li>Group reservations for a campsite must be made in the name of each person.<\/li><li>Reservations for one night only.<\/li><\/ul><\/div>\n\t\t\t\t<\/div>\n\t\t\t\t\t\t\t<div class=\"elementor-toggle-item\">\n\t\t\t\t\t<div id=\"elementor-tab-title-2372\" class=\"elementor-tab-title\" data-tab=\"2\" role=\"button\" aria-controls=\"elementor-tab-content-2372\" aria-expanded=\"false\">\n\t\t\t\t\t\t\t\t\t\t\t\t<span class=\"elementor-toggle-icon elementor-toggle-icon-left\" aria-hidden=\"true\">\n\t\t\t\t\t\t\t\t\t\t\t\t\t\t\t<span class=\"elementor-toggle-icon-closed\"><svg class=\"e-font-icon-svg e-fas-caret-right\" viewbox=\"0 0 192 512\" xmlns=\"http:\/\/www.w3.org\/2000\/svg\"><path d=\"M0 384.662V127.338c0-17.818 21.543-26.741 34.142-14.142l128.662 128.662c7.81 7.81 7.81 20.474 0 28.284L34.142 398.804C21.543 411.404 0 402.48 0 384.662z\"><\/path><\/svg><\/span>\n\t\t\t\t\t\t\t\t<span class=\"elementor-toggle-icon-opened\"><svg class=\"elementor-toggle-icon-opened e-font-icon-svg e-fas-caret-up\" viewbox=\"0 0 320 512\" xmlns=\"http:\/\/www.w3.org\/2000\/svg\"><path d=\"M288.662 352H31.338c-17.818 0-26.741-21.543-14.142-34.142l128.662-128.662c7.81-7.81 20.474-7.81 28.284 0l128.662 128.662c12.6 12.599 3.676 34.142-14.142 34.142z\"><\/path><\/svg><\/span>\n\t\t\t\t\t\t\t\t\t\t\t\t\t<\/span>\n\t\t\t\t\t\t\t\t\t\t\t\t<a class=\"elementor-toggle-title\" tabindex=\"0\">Weekend bookings<\/a>\n\t\t\t\t\t<\/div>\n\n\t\t\t\t\t<div id=\"elementor-tab-content-2372\" class=\"elementor-tab-content elementor-clearfix\" data-tab=\"2\" role=\"region\" aria-labelledby=\"elementor-tab-title-2372\">A weekend reservation requires a 2\u2011night stay and 3 nights on holidays.\n<\/div>\n\t\t\t\t<\/div>\n\t\t\t\t\t\t\t<div class=\"elementor-toggle-item\">\n\t\t\t\t\t<div id=\"elementor-tab-title-2373\" class=\"elementor-tab-title\" data-tab=\"3\" role=\"button\" aria-controls=\"elementor-tab-content-2373\" aria-expanded=\"false\">\n\t\t\t\t\t\t\t\t\t\t\t\t<span class=\"elementor-toggle-icon elementor-toggle-icon-left\" aria-hidden=\"true\">\n\t\t\t\t\t\t\t\t\t\t\t\t\t\t\t<span class=\"elementor-toggle-icon-closed\"><svg class=\"e-font-icon-svg e-fas-caret-right\" viewbox=\"0 0 192 512\" xmlns=\"http:\/\/www.w3.org\/2000\/svg\"><path d=\"M0 384.662V127.338c0-17.818 21.543-26.741 34.142-14.142l128.662 128.662c7.81 7.81 7.81 20.474 0 28.284L34.142 398.804C21.543 411.404 0 402.48 0 384.662z\"><\/path><\/svg><\/span>\n\t\t\t\t\t\t\t\t<span class=\"elementor-toggle-icon-opened\"><svg class=\"elementor-toggle-icon-opened e-font-icon-svg e-fas-caret-up\" viewbox=\"0 0 320 512\" xmlns=\"http:\/\/www.w3.org\/2000\/svg\"><path d=\"M288.662 352H31.338c-17.818 0-26.741-21.543-14.142-34.142l128.662-128.662c7.81-7.81 20.474-7.81 28.284 0l128.662 128.662c12.6 12.599 3.676 34.142-14.142 34.142z\"><\/path><\/svg><\/span>\n\t\t\t\t\t\t\t\t\t\t\t\t\t<\/span>\n\t\t\t\t\t\t\t\t\t\t\t\t<a class=\"elementor-toggle-title\" tabindex=\"0\">Accepted payment methods<\/a>\n\t\t\t\t\t<\/div>\n\n\t\t\t\t\t<div id=\"elementor-tab-content-2373\" class=\"elementor-tab-content elementor-clearfix\" data-tab=\"3\" role=\"region\" aria-labelledby=\"elementor-tab-title-2373\"><ul><li>Visa and Mastercard are accepted for deposits (equivalent to one night, non\u2011refundable).<\/li><li>Onsite, you may pay with Visa, Mastercard, debit or cash.<\/li><\/ul><\/div>\n\t\t\t\t<\/div>\n\t\t\t\t\t\t\t<div class=\"elementor-toggle-item\">\n\t\t\t\t\t<div id=\"elementor-tab-title-2374\" class=\"elementor-tab-title\" data-tab=\"4\" role=\"button\" aria-controls=\"elementor-tab-content-2374\" aria-expanded=\"false\">\n\t\t\t\t\t\t\t\t\t\t\t\t<span class=\"elementor-toggle-icon elementor-toggle-icon-left\" aria-hidden=\"true\">\n\t\t\t\t\t\t\t\t\t\t\t\t\t\t\t<span class=\"elementor-toggle-icon-closed\"><svg class=\"e-font-icon-svg e-fas-caret-right\" viewbox=\"0 0 192 512\" xmlns=\"http:\/\/www.w3.org\/2000\/svg\"><path d=\"M0 384.662V127.338c0-17.818 21.543-26.741 34.142-14.142l128.662 128.662c7.81 7.81 7.81 20.474 0 28.284L34.142 398.804C21.543 411.404 0 402.48 0 384.662z\"><\/path><\/svg><\/span>\n\t\t\t\t\t\t\t\t<span class=\"elementor-toggle-icon-opened\"><svg class=\"elementor-toggle-icon-opened e-font-icon-svg e-fas-caret-up\" viewbox=\"0 0 320 512\" xmlns=\"http:\/\/www.w3.org\/2000\/svg\"><path d=\"M288.662 352H31.338c-17.818 0-26.741-21.543-14.142-34.142l128.662-128.662c7.81-7.81 20.474-7.81 28.284 0l128.662 128.662c12.6 12.599 3.676 34.142-14.142 34.142z\"><\/path><\/svg><\/span>\n\t\t\t\t\t\t\t\t\t\t\t\t\t<\/span>\n\t\t\t\t\t\t\t\t\t\t\t\t<a class=\"elementor-toggle-title\" tabindex=\"0\">Cancellation policy<\/a>\n\t\t\t\t\t<\/div>\n\n\t\t\t\t\t<div id=\"elementor-tab-content-2374\" class=\"elementor-tab-content elementor-clearfix\" data-tab=\"4\" role=\"region\" aria-labelledby=\"elementor-tab-title-2374\"><ul><li><strong>Cancellation 48 hours or more before arriving at the campground:<\/strong>\u00a0An administrative fee of $20 will be invoiced, and the deposit amount will be reimbursed to your credit card. Please note that online reservation fees are not refundable at any time.<\/li><li><strong>Cancellation less than 48 hours before your arrival:<\/strong>\u00a0No refund will be issued for the deposit. Please note that online reservation fees are not refundable at any time.<\/li><\/ul><\/div>\n\t\t\t\t<\/div>\n\t\t\t\t\t\t\t\t<\/div>\n\t\t\t\t\t\t<\/div>\n\t\t\t\t<\/div>\n\t\t\t\t\t<\/div>\n\t\t\t\t<\/div>\n\t\t\t\t\t<\/div>\n\t\t\t\t<\/div>\n\t\t\t\t<\/div>","protected":false},"excerpt":{"rendered":"<p>Planifiez un s\u00e9jour inoubliable Nous sommes ravis que votre destination de vacances d\u2019\u00e9t\u00e9 au Qu\u00e9bec soit \u00e0 notre camping! On vous invite \u00e0 faire votre r\u00e9servation d\u00e8s aujourd\u2019hui et \u00e0 consulter les disponibilit\u00e9s des diff\u00e9rents terrains selon vos crit\u00e8res. Politique et modalit\u00e9s de r\u00e9servation Cas particuliers lors de la r\u00e9servation Avant de confirmer votre r\u00e9servation, [&hellip;]<\/p>","protected":false},"author":5,"featured_media":0,"parent":0,"menu_order":0,"comment_status":"closed","ping_status":"closed","template":"tpl-default-elementor.php","meta":{"_acf_changed":false,"footnotes":""},"class_list":["post-458","page","type-page","status-publish","hentry"],"acf":[],"aioseo_notices":[],"_links":{"self":[{"href":"https:\/\/domainedureve.com\/en-ca\/wp-json\/wp\/v2\/pages\/458","targetHints":{"allow":["GET"]}}],"collection":[{"href":"https:\/\/domainedureve.com\/en-ca\/wp-json\/wp\/v2\/pages"}],"about":[{"href":"https:\/\/domainedureve.com\/en-ca\/wp-json\/wp\/v2\/types\/page"}],"author":[{"embeddable":true,"href":"https:\/\/domainedureve.com\/en-ca\/wp-json\/wp\/v2\/users\/5"}],"replies":[{"embeddable":true,"href":"https:\/\/domainedureve.com\/en-ca\/wp-json\/wp\/v2\/comments?post=458"}],"version-history":[{"count":48,"href":"https:\/\/domainedureve.com\/en-ca\/wp-json\/wp\/v2\/pages\/458\/revisions"}],"predecessor-version":[{"id":3719,"href":"https:\/\/domainedureve.com\/en-ca\/wp-json\/wp\/v2\/pages\/458\/revisions\/3719"}],"wp:attachment":[{"href":"https:\/\/domainedureve.com\/en-ca\/wp-json\/wp\/v2\/media?parent=458"}],"curies":[{"name":"wp","href":"https:\/\/api.w.org\/{rel}","templated":true}]}}