{"id":884,"date":"2024-02-09T11:19:09","date_gmt":"2024-02-09T16:19:09","guid":{"rendered":"https:\/\/camping-domaine-du-reve.projet1047.ca\/evenements\/"},"modified":"2026-01-08T09:45:01","modified_gmt":"2026-01-08T14:45:01","slug":"events","status":"publish","type":"page","link":"https:\/\/domainedureve.com\/en-ca\/events\/","title":{"rendered":"Events"},"content":{"rendered":"<h2>Weekday activities and entertainments<\/h2>\n<p>\t\t\t\t\t<a href=\"#tableau\"><br \/>\n\t\t\t\t\t\t\t\t\tSee all activities<br \/>\n\t\t\t\t\t<\/a><br \/>\n\t\tCONTENTS\t\t<\/p>\n<h2>Weekday activities and entertainments<\/h2>\n<h3>Monday<\/h3>\n<p>9h45 &#8211; Shuffleboard (adultes) au parc des fondateurs<\/p>\n<p>18h &#8211; Pickleball pour tous au parc des fondateurs<\/p>\n<p>18h30 &#8211; P\u00e9tanque (adultes) au parc des fondateurs<\/p>\n<p>19h &#8211; Pocheball pour tous au pavillon<\/p>\n<h3>Tuesday<\/h3>\n<p>18h &#8211; Pickleball pour tous au parc des fondateurs<\/p>\n<p>18h30 &#8211; P\u00e9tanque (adultes) au parc des fondateurs<\/p>\n<p>19 h &#8211; Bingo pour les jeunes au pavillon<\/p>\n<p>\u00a0<\/p>\n<h3>Wednesday<\/h3>\n<p>9h45 &#8211; Shuffleboard (adultes) au parc des fondateurs<\/p>\n<p>13h &#8211; Cours de tricot pour tous au pavillon<\/p>\n<p>18h &#8211; Pickleball pour tous au parc des fondateurs<\/p>\n<p>18h30 &#8211; P\u00e9tanque (adultes) au parc des fondateurs<\/p>\n<p>19h &#8211; Soir\u00e9e jeux de soci\u00e9t\u00e9 pour tous au pavillon<\/p>\n<h3>Thursday<\/h3>\n<p>18h &#8211; Pickleball pour tous au parc des fondateurs<\/p>\n<p>18h30 &#8211; P\u00e9tanque (adultes) au parc des fondateurs<\/p>\n<p>Vers 21h &#8211; Projection ext\u00e9rieur<\/p>\n<h3>Friday<\/h3>\n<p>9h45 &#8211; Shuffleboard (adultes) au parc des fondateurs<\/p>\n<p>18h &#8211; Pickleball pour tous au parc des fondateurs<\/p>\n<p>18h30 &#8211; P\u00e9tanque (adultes) au parc des fondateurs<\/p>\n<p>20h &#8211; Cours de danse en ligne country au pavillon<\/p>\n<h3>Saturday and Sunday<\/h3>\n<p>10h &#8211; Tour de train pour les enfants (samedi seulement)<\/p>\n<p>10h &#8211; Zumba (samedi seulement)<\/p>\n<p>10\u00a0h &#8211; Volley-ball<\/p>\n<p>10h &#8211; Pickleball pour tous niveau au parc des fondateurs (14 ans et +)<\/p>\n<p>13 h &#8211; Fer (adultes) au parc des fondateur<\/p>\n<p>\u00a0<\/p>\n<p>The activities will be updated around mid-June.\t\t<\/p>\n<h2>Not\u2011to\u2011be\u2011missed themed events at the campground<\/h2>\n<p>\t\t\t\t\t\t\t\t\t\t\t\t\t\t\t<img fetchpriority=\"high\" decoding=\"async\" width=\"525\" height=\"276\" src=\"https:\/\/domainedureve.com\/wp-content\/uploads\/2024\/05\/image-pour-la-Saint\u2011Jean\u2011Baptiste-1024x538.jpg\" alt=\"\" srcset=\"https:\/\/domainedureve.com\/wp-content\/uploads\/2024\/05\/image-pour-la-Saint\u2011Jean\u2011Baptiste-1024x538.jpg 1024w, https:\/\/domainedureve.com\/wp-content\/uploads\/2024\/05\/image-pour-la-Saint\u2011Jean\u2011Baptiste-300x158.jpg 300w, https:\/\/domainedureve.com\/wp-content\/uploads\/2024\/05\/image-pour-la-Saint\u2011Jean\u2011Baptiste-768x404.jpg 768w, https:\/\/domainedureve.com\/wp-content\/uploads\/2024\/05\/image-pour-la-Saint\u2011Jean\u2011Baptiste-18x9.jpg 18w, https:\/\/domainedureve.com\/wp-content\/uploads\/2024\/05\/image-pour-la-Saint\u2011Jean\u2011Baptiste.jpg 1200w\" sizes=\"(max-width: 525px) 100vw, 525px\" \/>\t\t\t\t\t\t\t\t\t\t\t\t\t\t\t<\/p>\n<h3>Saint\u2011Jean\u2011Baptiste<\/h3>\n<p>Celebrate the\u00a0<em>Saint\u2011Jean\u2011Baptiste<\/em> holiday at Camping Domaine du\u00a0R\u00eave campground. It\u2019s so fun, with activities, dancing, fireworks, and more! <em>fun<\/em> : activit\u00e9s, soir\u00e9e dansante, feux d\u2019artifice, et plus!<\/p>\n<p>\t\t\t\t\t<a href=\"\/en-ca\/events\/categories\/saint-jean-baptiste\/\"><br \/>\n\t\t\t\t\t\t\t\t\tDiscover<br \/>\n\t\t\t\t\t<\/a><br \/>\n\t\t\t\t\t\t\t\t\t\t\t\t\t\t\t<img decoding=\"async\" width=\"525\" height=\"276\" src=\"https:\/\/domainedureve.com\/wp-content\/uploads\/2024\/05\/image-pour-evenement-noel-campeur-1-1024x538.jpg\" alt=\"\" srcset=\"https:\/\/domainedureve.com\/wp-content\/uploads\/2024\/05\/image-pour-evenement-noel-campeur-1-1024x538.jpg 1024w, https:\/\/domainedureve.com\/wp-content\/uploads\/2024\/05\/image-pour-evenement-noel-campeur-1-300x158.jpg 300w, https:\/\/domainedureve.com\/wp-content\/uploads\/2024\/05\/image-pour-evenement-noel-campeur-1-768x404.jpg 768w, https:\/\/domainedureve.com\/wp-content\/uploads\/2024\/05\/image-pour-evenement-noel-campeur-1-18x9.jpg 18w, https:\/\/domainedureve.com\/wp-content\/uploads\/2024\/05\/image-pour-evenement-noel-campeur-1.jpg 1200w\" sizes=\"(max-width: 525px) 100vw, 525px\" \/>\t\t\t\t\t\t\t\t\t\t\t\t\t\t\t<\/p>\n<h3>Camper Christmas<\/h3>\n<p>You know what the most popular evening at the campground is? Camper Christmas! Various themed activities await.<\/p>\n<p>\t\t\t\t\t<a href=\"\/en-ca\/events\/categories\/noel-des-campeurs\/\"><br \/>\n\t\t\t\t\t\t\t\t\tDiscover<br \/>\n\t\t\t\t\t<\/a><br \/>\n\t\t\t\t\t\t\t\t\t\t\t\t\t\t\t<img decoding=\"async\" width=\"525\" height=\"276\" src=\"https:\/\/domainedureve.com\/wp-content\/uploads\/2024\/05\/image-pour-les-vancances-construction-1024x538.jpg\" alt=\"\" srcset=\"https:\/\/domainedureve.com\/wp-content\/uploads\/2024\/05\/image-pour-les-vancances-construction-1024x538.jpg 1024w, https:\/\/domainedureve.com\/wp-content\/uploads\/2024\/05\/image-pour-les-vancances-construction-300x158.jpg 300w, https:\/\/domainedureve.com\/wp-content\/uploads\/2024\/05\/image-pour-les-vancances-construction-768x404.jpg 768w, https:\/\/domainedureve.com\/wp-content\/uploads\/2024\/05\/image-pour-les-vancances-construction-18x9.jpg 18w, https:\/\/domainedureve.com\/wp-content\/uploads\/2024\/05\/image-pour-les-vancances-construction.jpg 1200w\" sizes=\"(max-width: 525px) 100vw, 525px\" \/>\t\t\t\t\t\t\t\t\t\t\t\t\t\t\t<\/p>\n<h3>Construction Holidays<\/h3>\n<p>Say YES to kicking back during the construction vacation weeks! Lots of onsite activities and animation: BBQ, fireworks, dancing and more!<\/p>\n<p>\t\t\t\t\t<a href=\"\/en-ca\/events\/categories\/semaines-de-la-construction\/\"><br \/>\n\t\t\t\t\t\t\t\t\tDiscover<br \/>\n\t\t\t\t\t<\/a><br \/>\n\t\t\t\t\t\t\t\t\t\t\t\t\t\t\t<img loading=\"lazy\" decoding=\"async\" width=\"525\" height=\"276\" src=\"https:\/\/domainedureve.com\/wp-content\/uploads\/2024\/05\/image-pour-le-beach-party-1024x538.jpg\" alt=\"\" srcset=\"https:\/\/domainedureve.com\/wp-content\/uploads\/2024\/05\/image-pour-le-beach-party-1024x538.jpg 1024w, https:\/\/domainedureve.com\/wp-content\/uploads\/2024\/05\/image-pour-le-beach-party-300x158.jpg 300w, https:\/\/domainedureve.com\/wp-content\/uploads\/2024\/05\/image-pour-le-beach-party-768x403.jpg 768w, https:\/\/domainedureve.com\/wp-content\/uploads\/2024\/05\/image-pour-le-beach-party-18x9.jpg 18w, https:\/\/domainedureve.com\/wp-content\/uploads\/2024\/05\/image-pour-le-beach-party.jpg 1200w\" sizes=\"(max-width: 525px) 100vw, 525px\" \/>\t\t\t\t\t\t\t\t\t\t\t\t\t\t\t<\/p>\n<h3>Beach party<\/h3>\n<p>Partying on the campground\u2019s beach is a dream come true! Lots of fun in the sun awaits with games, music and animation.<\/p>\n<p>\t\t\t\t\t<a href=\"\/en-ca\/events\/categories\/beach-party\/\"><br \/>\n\t\t\t\t\t\t\t\t\tDiscover<br \/>\n\t\t\t\t\t<\/a><br \/>\n\t\t\t\t\t\t\t\t\t\t\t\t\t\t\t<img loading=\"lazy\" decoding=\"async\" width=\"525\" height=\"276\" src=\"https:\/\/domainedureve.com\/wp-content\/uploads\/2024\/05\/image-pour-halloween-du-campeur-1024x538.jpg\" alt=\"\" srcset=\"https:\/\/domainedureve.com\/wp-content\/uploads\/2024\/05\/image-pour-halloween-du-campeur-1024x538.jpg 1024w, https:\/\/domainedureve.com\/wp-content\/uploads\/2024\/05\/image-pour-halloween-du-campeur-300x158.jpg 300w, https:\/\/domainedureve.com\/wp-content\/uploads\/2024\/05\/image-pour-halloween-du-campeur-768x403.jpg 768w, https:\/\/domainedureve.com\/wp-content\/uploads\/2024\/05\/image-pour-halloween-du-campeur-18x9.jpg 18w, https:\/\/domainedureve.com\/wp-content\/uploads\/2024\/05\/image-pour-halloween-du-campeur.jpg 1200w\" sizes=\"(max-width: 525px) 100vw, 525px\" \/>\t\t\t\t\t\t\t\t\t\t\t\t\t\t\t<\/p>\n<h3>Camper Halloween<\/h3>\n<p>Celebrating Halloween at the campground is a tradition! Bring your costumes and join the activities and treat\u2011or\u2011treating.<\/p>\n<p>\t\t\t\t\t<a href=\"\/en-ca\/events\/categories\/halloween-des-campeurs\/\"><br \/>\n\t\t\t\t\t\t\t\t\tDiscover<br \/>\n\t\t\t\t\t<\/a><br \/>\n\t\t\t\t\t\t\t\t\t\t\t\t\t\t\t<img loading=\"lazy\" decoding=\"async\" width=\"525\" height=\"276\" src=\"https:\/\/domainedureve.com\/wp-content\/uploads\/2024\/05\/image-pour-evenement-bonne-cause-1024x538.jpg\" alt=\"\" srcset=\"https:\/\/domainedureve.com\/wp-content\/uploads\/2024\/05\/image-pour-evenement-bonne-cause-1024x538.jpg 1024w, https:\/\/domainedureve.com\/wp-content\/uploads\/2024\/05\/image-pour-evenement-bonne-cause-300x158.jpg 300w, https:\/\/domainedureve.com\/wp-content\/uploads\/2024\/05\/image-pour-evenement-bonne-cause-768x403.jpg 768w, https:\/\/domainedureve.com\/wp-content\/uploads\/2024\/05\/image-pour-evenement-bonne-cause-18x9.jpg 18w, https:\/\/domainedureve.com\/wp-content\/uploads\/2024\/05\/image-pour-evenement-bonne-cause.jpg 1200w\" sizes=\"(max-width: 525px) 100vw, 525px\" \/>\t\t\t\t\t\t\t\t\t\t\t\t\t\t\t<\/p>\n<h3>Fundraising for a good cause<\/h3>\n<p>Supporting the causes we hold near and dear to our hearts is important to us. That\u2019s why we fundraise for the Cancer Research Society and the Alzheimer\u2019s Association.<\/p>\n<p>\t\t\t\t\t<a href=\"\/en-ca\/events\/categories\/collectes-de-fonds\/\"><br \/>\n\t\t\t\t\t\t\t\t\tDiscover<br \/>\n\t\t\t\t\t<\/a><br \/>\n\t\t\t\t\t<a href=\"https:\/\/domainedureve.com\/en-ca\/booking\/\"><br \/>\n\t\t\t\t\t\t\t\t\tReserve now<br \/>\n\t\t\t\t\t<\/a><\/p>","protected":false},"excerpt":{"rendered":"<p>CONTENTS<\/p>","protected":false},"author":5,"featured_media":776,"parent":0,"menu_order":0,"comment_status":"closed","ping_status":"open","template":"","meta":{"_acf_changed":false,"footnotes":""},"class_list":["post-884","page","type-page","status-publish","has-post-thumbnail","hentry"],"acf":[],"aioseo_notices":[],"_links":{"self":[{"href":"https:\/\/domainedureve.com\/en-ca\/wp-json\/wp\/v2\/pages\/884","targetHints":{"allow":["GET"]}}],"collection":[{"href":"https:\/\/domainedureve.com\/en-ca\/wp-json\/wp\/v2\/pages"}],"about":[{"href":"https:\/\/domainedureve.com\/en-ca\/wp-json\/wp\/v2\/types\/page"}],"author":[{"embeddable":true,"href":"https:\/\/domainedureve.com\/en-ca\/wp-json\/wp\/v2\/users\/5"}],"replies":[{"embeddable":true,"href":"https:\/\/domainedureve.com\/en-ca\/wp-json\/wp\/v2\/comments?post=884"}],"version-history":[{"count":138,"href":"https:\/\/domainedureve.com\/en-ca\/wp-json\/wp\/v2\/pages\/884\/revisions"}],"predecessor-version":[{"id":3673,"href":"https:\/\/domainedureve.com\/en-ca\/wp-json\/wp\/v2\/pages\/884\/revisions\/3673"}],"wp:featuredmedia":[{"embeddable":true,"href":"https:\/\/domainedureve.com\/en-ca\/wp-json\/wp\/v2\/media\/776"}],"wp:attachment":[{"href":"https:\/\/domainedureve.com\/en-ca\/wp-json\/wp\/v2\/media?parent=884"}],"curies":[{"name":"wp","href":"https:\/\/api.w.org\/{rel}","templated":true}]}}